{"id":2331,"date":"2025-08-13T10:06:23","date_gmt":"2025-08-13T14:06:23","guid":{"rendered":"https:\/\/masse.graphical-media.com\/purchasing-policy\/"},"modified":"2025-09-30T10:17:29","modified_gmt":"2025-09-30T14:17:29","slug":"purchasing-policy","status":"publish","type":"page","link":"https:\/\/www.pepiniereamasse.com\/en\/purchasing-policy\/","title":{"rendered":"Purchasing policy"},"content":{"rendered":"\n<h2 class=\"wp-block-heading\">Reservation and deposit policy<\/h2>\n\n<h3 class=\"wp-block-heading\">Private individuals<\/h3>\n\n<p>Please note that we do not make any reservations for orders by private individuals. If you wish to purchase some plants, please visit our transactional website at <a href=\"http:\/\/www.cultivart.ca\" data-type=\"link\" data-id=\"www.cultivart.ca\">www.cultivart.ca<\/a>, or come in person to our nursery from mid-April to mid-June. Please see our business hours <a href=\"https:\/\/www.pepiniereamasse.com\/en\/contact\/\">here<\/a>.<\/p>\n\n<h3 class=\"wp-block-heading\">Producers<\/h3>\n\n<p>We invite producers to contact us to make their reservations in order to ensure they obtain the desired varieties and quantities. A deposit is required in order to reserve the order.<\/p>\n\n<ul class=\"wp-block-list\">\n<li>In the case of plants originating from the United States, the totality of the plants must be paid for prior to delivery.<\/li>\n\n\n\n<li>In the case of plants originating from Canada, a deposit of 40% must be made in order to reserve the plants.<\/li>\n<\/ul>\n\n<h3 class=\"wp-block-heading\">Delivery<\/h3>\n\n<p>We offer delivery throughout Canada using various delivery companies for all our customers. The delivery costs are paid by the customer. Please don\u2019t hesitate to contact us if you wish to arrange for the delivery of your order.<\/p>\n\n<h3 class=\"wp-block-heading\">After-sale service<\/h3>\n\n<p>At P\u00e9pini\u00e8re A. Mass\u00e9, after-sale service is highly important. Our family values motivate us to give great consideration to the relationship we have with our customers during the entire sales process. If the product you received is not satisfactory, please don\u2019t hesitate to contact us. Take note that because of the live nature of the product offered, each case is treated differently.<\/p>\n","protected":false},"excerpt":{"rendered":"<p>Reservation and deposit policy Private individuals Please note that we do not make any reservations for orders by private individuals. If you wish to purchase some plants, please visit our transactional website at www.cultivart.ca, or come in person to our nursery from mid-April to mid-June. Please see our business hours here. Producers We invite producers [&hellip;]<\/p>\n","protected":false},"author":2,"featured_media":1686,"parent":0,"menu_order":0,"comment_status":"closed","ping_status":"closed","template":"","meta":{"_acf_changed":false,"_seopress_robots_primary_cat":"","_seopress_titles_title":"","_seopress_titles_desc":"","_seopress_robots_index":"","footnotes":""},"class_list":["post-2331","page","type-page","status-publish","has-post-thumbnail","hentry"],"acf":[],"_links":{"self":[{"href":"https:\/\/www.pepiniereamasse.com\/en\/wp-json\/wp\/v2\/pages\/2331","targetHints":{"allow":["GET"]}}],"collection":[{"href":"https:\/\/www.pepiniereamasse.com\/en\/wp-json\/wp\/v2\/pages"}],"about":[{"href":"https:\/\/www.pepiniereamasse.com\/en\/wp-json\/wp\/v2\/types\/page"}],"author":[{"embeddable":true,"href":"https:\/\/www.pepiniereamasse.com\/en\/wp-json\/wp\/v2\/users\/2"}],"replies":[{"embeddable":true,"href":"https:\/\/www.pepiniereamasse.com\/en\/wp-json\/wp\/v2\/comments?post=2331"}],"version-history":[{"count":1,"href":"https:\/\/www.pepiniereamasse.com\/en\/wp-json\/wp\/v2\/pages\/2331\/revisions"}],"predecessor-version":[{"id":2332,"href":"https:\/\/www.pepiniereamasse.com\/en\/wp-json\/wp\/v2\/pages\/2331\/revisions\/2332"}],"wp:featuredmedia":[{"embeddable":true,"href":"https:\/\/www.pepiniereamasse.com\/en\/wp-json\/wp\/v2\/media\/1686"}],"wp:attachment":[{"href":"https:\/\/www.pepiniereamasse.com\/en\/wp-json\/wp\/v2\/media?parent=2331"}],"curies":[{"name":"wp","href":"https:\/\/api.w.org\/{rel}","templated":true}]}}