{"id":2347,"date":"2022-10-05T20:15:04","date_gmt":"2022-10-06T00:15:04","guid":{"rendered":"https:\/\/masse.graphical-media.com\/conditions-utilisation\/"},"modified":"2025-09-30T15:41:50","modified_gmt":"2025-09-30T19:41:50","slug":"terms-of-use","status":"publish","type":"page","link":"https:\/\/www.pepiniereamasse.com\/en\/terms-of-use\/","title":{"rendered":"Terms of Use"},"content":{"rendered":"\n<h2 class=\"wp-block-heading\"><strong>About these Terms of Use<\/strong><\/h2>\n\n\n\n<p>By accessing and consulting this website, the user automatically accepts the Terms of Use as well as our\u00a0\u201cPrivacy Policy\u201d.\u00a0Please read these documents carefully. Access and use of the website\u00a0are\u00a0dependent upon respecting these Terms of Use and the Privacy\u00a0Policy.<\/p>\n\n\n\n<h2 class=\"wp-block-heading\"><strong>About Us<\/strong><\/h2>\n\n\n\n<p>The website www.pepiniereamasse.com is the property of: P\u00e9pini\u00e8re A. Mass\u00e9 Inc.<\/p>\n\n\n\n<ul class=\"wp-block-list\">\n<li>Website design by:\u00a0<a href=\"https:\/\/www.graphical-media.com\/\" target=\"_blank\" rel=\"noreferrer noopener\">Graphical<\/a>\u00a0<\/li>\n\n\n\n<li>Person in charge of publication (editor): Justine Mass\u00e9<\/li>\n<\/ul>\n\n\n\n<h2 class=\"wp-block-heading\"><strong>Website Management<\/strong><\/h2>\n\n\n\n<p>At any\u00a0time\u00a0the editor may, for the proper management of the website,<\/p>\n\n\n\n<ul class=\"wp-block-list\">\n<li>Suspend, interrupt or limit access to part or\u00a0all of\u00a0the website, reserve access to the website\u00a0or to certain parts of the website, to a determined category of Internet\u00a0users;<\/li>\n\n\n\n<li>Delete any information that may disrupt it normal&nbsp;operation&nbsp;or contravene national or international law, or the rules of&nbsp;netiquette.<\/li>\n<\/ul>\n\n\n\n<h2 class=\"wp-block-heading\"><strong>Copyright<\/strong><\/h2>\n\n\n\n<p>All of\u00a0this website\u2019s texts, logos, designs, graphics, images, sounds, information,\u00a0documents\u00a0and others, as well as the selection, arrangement and posting of the preceding remain the exclusive property of P\u00e9pini\u00e8re A. Mass\u00e9 Inc. and are protected by the Copyright Act.<\/p>\n\n\n\n<p>It is&nbsp;strictly prohibited&nbsp;to reproduce, rebroadcast,&nbsp;transmit&nbsp;or use these elements in any manner whatsoever without receiving prior written consent from our company. However, you may download or print a single copy for your personal use, for non-commercial purposes.&nbsp;&nbsp;<\/p>\n\n\n\n<h2 class=\"wp-block-heading\"><strong>Personal Information<\/strong><\/h2>\n\n\n\n<p>Protecting your personal information is important to us.&nbsp;We invite you to take a moment to find out what our&nbsp;<a href=\"https:\/\/www.pepiniereamasse.com\/en\/privacy-policy\/\">Privacy&nbsp;Policy<\/a>&nbsp;is all about.<\/p>\n\n\n\n<h2 class=\"wp-block-heading\"><strong>Limitation of Liability<\/strong><\/h2>\n\n\n\n<h3 class=\"wp-block-heading\"><strong>Information Accuracy<\/strong><\/h3>\n\n\n\n<p>In order to\u00a0ensure exceptional and reliable service, we regularly update the products and\/or services offered by our company. The contents of this website are offered in good faith, without any guarantee as to their accuracy,\u00a0completeness\u00a0or currency, nor any guarantee that the website does not impinge on the rights of a third party.<\/p>\n\n\n\n<p>We do not guarantee the provided information\u2019s accuracy or completeness, notably the prices, images of products, specifications, availability and descriptions of the products or services. We reserve the right to&nbsp;modify&nbsp;or update the information and to correct any error,&nbsp;imprecision&nbsp;or omission at any time and without any prior notice to you.<\/p>\n\n\n\n<p>We accept no liability whatsoever\u00a0with regard to\u00a0your use of the website\u2019s content. The use of this website is at your own risk. While many precautions are implemented to prevent the presence of computer viruses or other malware, we cannot guarantee this website is free of such and accept no liability whatever in this respect.<\/p>\n\n\n\n<p>All information exchanged on this website transits through public telecommunications networks. We cannot guarantee continuous and faultless operation of this website and are not liable in this respect in any manner whatsoever.<\/p>\n\n\n\n<h3 class=\"wp-block-heading\"><strong>Hypertext Links<\/strong><\/h3>\n\n\n\n<p>The website\u00a0contains\u00a0hypertext links that lead to other websites. The owner of the website\u00a0does not have the means to verify the evolution of external sites\u2019 content and cannot therefore be held liable for the content of said hypertext links nor for the practices of these\u00a0third-party\u00a0websites, notably with respect to the protection of personal information. The inclusion of hypertext links on its own website shall in no circumstance whatsoever constitute any form of adhesion to the content on these sites.<\/p>\n\n\n\n<h2 class=\"wp-block-heading\"><strong>Purchases and Requests for Services<\/strong><\/h2>\n\n\n\n<p>If you wish to&nbsp;purchase&nbsp;a product or a service offered by our company, you may need to provide us with&nbsp;important information&nbsp;in order to&nbsp;complete your purchase. This includes details such as your name, address, credit card&nbsp;number&nbsp;and other necessary information as it relates to the products or services&nbsp;requested.<\/p>\n\n\n\n<p>You must confirm that:&nbsp;(i)&nbsp;you&nbsp;are authorized to&nbsp;use the credit card or the method of payment you have chosen for your purchase; and&nbsp;(ii)&nbsp;all the information you provide to us is true,&nbsp;accurate&nbsp;and complete.<\/p>\n\n\n\n<p>When you share this information with us, you accept that we may share them with other businesses if this is&nbsp;required&nbsp;in order for&nbsp;us to provide the service.<\/p>\n\n\n\n<p>It is important for you to know that we have&nbsp;the&nbsp;right to refuse or cancel your order or request for service for several reasons. For example, if the product you wish to&nbsp;purchase&nbsp;is no longer available, if there has been a&nbsp;pricing or description error of the product, or an error with your order, if providing the service is impossible or for any other reason.<\/p>\n\n\n\n<h2 class=\"wp-block-heading\"><strong>Modification&nbsp;to the Terms of Use<\/strong><\/h2>\n\n\n\n<p>These Terms of Use may be amended at any time\u00a0in order to\u00a0comply with\u00a0the law and to reflect any change to the way we manage our website and the\u00a0manner in which\u00a0we expect users to behave on our website.<\/p>\n\n\n\n<p>We recommend our users regularly consult these Terms of Use\u00a0in order to\u00a0stay informed of\u00a0possible updates. By continuing to use the website, you accept to be bound by these Terms of Use of these updates and modifications.<\/p>\n\n\n\n<h2 class=\"wp-block-heading\"><strong>Applicable Law<\/strong><\/h2>\n\n\n\n<p>These Terms of Use shall be governed,&nbsp;interpreted&nbsp;and enforced in compliance with the laws&nbsp;of the province of Qu\u00e9bec (Canada). If a provision of these Terms of Use is&nbsp;deemed&nbsp;invalid or inoperable by a court of competent&nbsp;jurisdiction, the other provisions of said Terms of Use shall remain in force.&nbsp;&nbsp;<\/p>\n\n\n\n<h2 class=\"wp-block-heading\"><strong>Translation<\/strong><\/h2>\n\n\n\n<p>In the event of&nbsp;divergent meanings or interpretations between the original French version of the Terms of Use or of the Privacy&nbsp;Policy&nbsp;and a translation, the original French version shall prevail.<\/p>\n\n\n\n<h2 class=\"wp-block-heading\"><strong>Contact<\/strong><\/h2>\n\n\n\n<p>Please\u00a0<a href=\"https:\/\/www.pepiniereamasse.com\/en\/contact\/\">contact us<\/a>\u00a0with any questions or concerns\u00a0regarding\u00a0this agreement or the website.<\/p>\n\n\n\n<p>Most recent update of these Terms of Use: August 2025<\/p>\n","protected":false},"excerpt":{"rendered":"<p>About these Terms of Use By accessing and consulting this website, the user automatically accepts the Terms of Use as well as our\u00a0\u201cPrivacy Policy\u201d.\u00a0Please read these documents carefully. Access and use of the website\u00a0are\u00a0dependent upon respecting these Terms of Use and the Privacy\u00a0Policy. About Us The website www.pepiniereamasse.com is the property of: Website Management At [&hellip;]<\/p>\n","protected":false},"author":2,"featured_media":0,"parent":0,"menu_order":0,"comment_status":"closed","ping_status":"closed","template":"","meta":{"_acf_changed":false,"_seopress_robots_primary_cat":"","_seopress_titles_title":"","_seopress_titles_desc":"","_seopress_robots_index":"","footnotes":""},"class_list":["post-2347","page","type-page","status-publish","hentry"],"acf":[],"_links":{"self":[{"href":"https:\/\/www.pepiniereamasse.com\/en\/wp-json\/wp\/v2\/pages\/2347","targetHints":{"allow":["GET"]}}],"collection":[{"href":"https:\/\/www.pepiniereamasse.com\/en\/wp-json\/wp\/v2\/pages"}],"about":[{"href":"https:\/\/www.pepiniereamasse.com\/en\/wp-json\/wp\/v2\/types\/page"}],"author":[{"embeddable":true,"href":"https:\/\/www.pepiniereamasse.com\/en\/wp-json\/wp\/v2\/users\/2"}],"replies":[{"embeddable":true,"href":"https:\/\/www.pepiniereamasse.com\/en\/wp-json\/wp\/v2\/comments?post=2347"}],"version-history":[{"count":3,"href":"https:\/\/www.pepiniereamasse.com\/en\/wp-json\/wp\/v2\/pages\/2347\/revisions"}],"predecessor-version":[{"id":2370,"href":"https:\/\/www.pepiniereamasse.com\/en\/wp-json\/wp\/v2\/pages\/2347\/revisions\/2370"}],"wp:attachment":[{"href":"https:\/\/www.pepiniereamasse.com\/en\/wp-json\/wp\/v2\/media?parent=2347"}],"curies":[{"name":"wp","href":"https:\/\/api.w.org\/{rel}","templated":true}]}}